{"id":102,"date":"2020-04-13T20:54:32","date_gmt":"2020-04-13T18:54:32","guid":{"rendered":"https:\/\/www.kirchraum-interaktiv.de\/wp\/?page_id=102"},"modified":"2020-08-02T08:30:39","modified_gmt":"2020-08-02T06:30:39","slug":"impressum","status":"publish","type":"page","link":"https:\/\/www.kirchraum-interaktiv.de\/wp\/impressum\/","title":{"rendered":"Impressum"},"content":{"rendered":"\n<p>Auch wenn ein Impressum f\u00fcr eine privaten Website, wie diese nicht zwingend vorgeschrieben ist, hier die notwendigen Daten:<\/p>\n\n\n\n<h2 class=\"wp-block-heading\">Angaben gem\u00e4\u00df \u00a7 5 TMG<\/h2>\n\n\n\n<p>Patrick Bloy<br>E-Mail: patrick@bloy.at<\/p>\n\n\n\n<h2 class=\"wp-block-heading\">Haftungsausschluss<\/h2>\n\n\n\n<h3 class=\"wp-block-heading\">Haftung f\u00fcr Inhalte<\/h3>\n\n\n\n<p>Die Inhalte dieser Website sind mit gro\u00dfer Sorgfalt erstellt. Fehler in den einzelnen Beitr\u00e4gen und Seiten k\u00f6nnen dennoch nicht immer ausgeschlossen werden. F\u00fcr etwaige Folgen, die aus Fehlern in den Beitr\u00e4gen entstehen kann ich keine Gew\u00e4hr \u00fcbernehmen.<\/p>\n\n\n\n<p>Sollten dir Fehler auffallen, w\u00e4re es sch\u00f6n, wenn du sie meldest, entweder \u00fcber das <a href=\"https:\/\/www.kirchraum-interaktiv.de\/wp\/kontakt\/\">Kontaktformular <\/a>oder die Kommentarfunktion der jeweiligen Seite.<\/p>\n\n\n\n<h3 class=\"wp-block-heading\">Haftung f\u00fcr Links<\/h3>\n\n\n\n<p>Das Angebot enth\u00e4lt Links zu externen Webseiten, auf deren Inhalte kein Einfluss besteht. Deshalb kann f\u00fcr diese fremden Inhalte keine Gew\u00e4hr \u00fcbernommen werden. F\u00fcr die Inhalte der verlinkten Seiten ist stets der jeweilige Anbieter\/Betreiber der Seite verantwortlich. Die direkt verlinkten Seiten wurden zum Zeitpunkt der Verlinkung auf m\u00f6gliche Rechtsverst\u00f6\u00dfe \u00fcberpr\u00fcft, nicht jedoch die ganze Webseite. Rechtswidrige Inhalte waren zum Zeitpunkt der Verlinkung nicht erkennbar. Eine permanente inhaltliche Kontrolle der verlinkten Seiten ist jedoch aus zeitlichen Gr\u00fcnden nicht m\u00f6glich.<\/p>\n\n\n\n<p>Eventuelle Rechtsverletzungen teile bitte \u00fcber das <a href=\"https:\/\/www.kirchraum-interaktiv.de\/wp\/kontakt\/\">Kontaktformular <\/a>mit, nach kurzer Pr\u00fcfung werden derartige Links dann umgehend entfernen.<\/p>\n\n\n\n<h2 class=\"wp-block-heading\">Datenschutz<\/h2>\n\n\n\n<p>Die Datenschutzerkl\u00e4rung findest du <a href=\"https:\/\/www.kirchraum-interaktiv.de\/wp\/datenschutzerklaerung\/\">hier<\/a>.<\/p>\n\n\n\n<h2 class=\"wp-block-heading\">Daten aus dem Impressum<\/h2>\n\n\n\n<p>Die Nutzung der in diesem Impressum ver\u00f6ffentlichten Kontaktdaten werden ausdr\u00fccklich untersagt, insbesondere zur \u00dcbersendung von nicht ausdr\u00fccklich angeforderter Werbung und Informationsmaterialien. Rechtliche Schritte im Falle der unverlangten Zusendung von Werbeinformationen, etwa durch Spam-Mails, werden vorbehalten.<\/p>\n","protected":false},"excerpt":{"rendered":"<p>Auch wenn ein Impressum f\u00fcr eine privaten Website, wie diese nicht zwingend vorgeschrieben ist, hier die notwendigen Daten: Angaben gem\u00e4\u00df \u00a7 5 TMG Patrick BloyE-Mail: patrick@bloy.at Haftungsausschluss Haftung f\u00fcr Inhalte Die Inhalte dieser Website sind mit gro\u00dfer Sorgfalt erstellt. Fehler in den einzelnen Beitr\u00e4gen und Seiten k\u00f6nnen dennoch nicht immer ausgeschlossen werden. F\u00fcr etwaige Folgen,&hellip;&nbsp;<a href=\"https:\/\/www.kirchraum-interaktiv.de\/wp\/impressum\/\" rel=\"bookmark\">Weiterlesen &raquo;<span class=\"screen-reader-text\">Impressum<\/span><\/a><\/p>\n","protected":false},"author":1,"featured_media":0,"parent":0,"menu_order":0,"comment_status":"closed","ping_status":"closed","template":"","meta":{"neve_meta_sidebar":"","neve_meta_container":"","neve_meta_enable_content_width":"off","neve_meta_content_width":0,"neve_meta_title_alignment":"","neve_meta_author_avatar":"","neve_post_elements_order":"","neve_meta_disable_header":"","neve_meta_disable_footer":"","neve_meta_disable_title":"","_themeisle_gutenberg_block_has_review":false,"footnotes":""},"class_list":["post-102","page","type-page","status-publish","hentry"],"_links":{"self":[{"href":"https:\/\/www.kirchraum-interaktiv.de\/wp\/wp-json\/wp\/v2\/pages\/102","targetHints":{"allow":["GET"]}}],"collection":[{"href":"https:\/\/www.kirchraum-interaktiv.de\/wp\/wp-json\/wp\/v2\/pages"}],"about":[{"href":"https:\/\/www.kirchraum-interaktiv.de\/wp\/wp-json\/wp\/v2\/types\/page"}],"author":[{"embeddable":true,"href":"https:\/\/www.kirchraum-interaktiv.de\/wp\/wp-json\/wp\/v2\/users\/1"}],"replies":[{"embeddable":true,"href":"https:\/\/www.kirchraum-interaktiv.de\/wp\/wp-json\/wp\/v2\/comments?post=102"}],"version-history":[{"count":4,"href":"https:\/\/www.kirchraum-interaktiv.de\/wp\/wp-json\/wp\/v2\/pages\/102\/revisions"}],"predecessor-version":[{"id":206,"href":"https:\/\/www.kirchraum-interaktiv.de\/wp\/wp-json\/wp\/v2\/pages\/102\/revisions\/206"}],"wp:attachment":[{"href":"https:\/\/www.kirchraum-interaktiv.de\/wp\/wp-json\/wp\/v2\/media?parent=102"}],"curies":[{"name":"wp","href":"https:\/\/api.w.org\/{rel}","templated":true}]}}